{"id":13,"date":"2020-10-14T08:54:54","date_gmt":"2020-10-14T11:54:54","guid":{"rendered":"http:\/\/covid19.mdn.unp.edu.ar\/wordpress\/?page_id=13"},"modified":"2020-10-16T10:30:04","modified_gmt":"2020-10-16T13:30:04","slug":"producciones","status":"publish","type":"page","link":"https:\/\/covid19.mdn.unp.edu.ar\/?page_id=13","title":{"rendered":"Producciones"},"content":{"rendered":"<ul class=\"wp-block-latest-posts wp-block-latest-posts__list is-grid columns-2\"><li><div class=\"wp-block-latest-posts__featured-image\"><img width=\"300\" height=\"166\" src=\"https:\/\/covid19.mdn.unp.edu.ar\/wp-content\/uploads\/2020\/10\/informe-300x166.png\" class=\"attachment-medium size-medium wp-post-image\" alt=\"\" loading=\"lazy\" style=\"max-width:300px;max-height:300px;\" srcset=\"https:\/\/covid19.mdn.unp.edu.ar\/wp-content\/uploads\/2020\/10\/informe-300x166.png 300w, https:\/\/covid19.mdn.unp.edu.ar\/wp-content\/uploads\/2020\/10\/informe-1024x568.png 1024w, https:\/\/covid19.mdn.unp.edu.ar\/wp-content\/uploads\/2020\/10\/informe-768x426.png 768w, https:\/\/covid19.mdn.unp.edu.ar\/wp-content\/uploads\/2020\/10\/informe.png 1091w\" sizes=\"(max-width: 300px) 100vw, 300px\" \/><\/div><a href=\"https:\/\/covid19.mdn.unp.edu.ar\/?p=30\">Relevamiento del Impacto Social<\/a><div class=\"wp-block-latest-posts__post-excerpt\">Informe del segundo relevamiento del impacto social de las medidas de aislamiento en la provincia del Chubut (a julio 2020) En el marco del Proyecto An\u00e1lisis Prospectivo Inteligente del Impacto Social, Econ\u00f3mico y Productivo del COVID-19 en la Provincia de Chubut, financiado por el Ministerio de Ciencia, Tecnolog\u00eda e Innovaci\u00f3n de la Naci\u00f3n a instancia [&hellip;]<\/div><\/li>\n<\/ul>","protected":false},"excerpt":{"rendered":"","protected":false},"author":1,"featured_media":0,"parent":0,"menu_order":0,"comment_status":"closed","ping_status":"closed","template":"","meta":[],"_links":{"self":[{"href":"https:\/\/covid19.mdn.unp.edu.ar\/index.php?rest_route=\/wp\/v2\/pages\/13"}],"collection":[{"href":"https:\/\/covid19.mdn.unp.edu.ar\/index.php?rest_route=\/wp\/v2\/pages"}],"about":[{"href":"https:\/\/covid19.mdn.unp.edu.ar\/index.php?rest_route=\/wp\/v2\/types\/page"}],"author":[{"embeddable":true,"href":"https:\/\/covid19.mdn.unp.edu.ar\/index.php?rest_route=\/wp\/v2\/users\/1"}],"replies":[{"embeddable":true,"href":"https:\/\/covid19.mdn.unp.edu.ar\/index.php?rest_route=%2Fwp%2Fv2%2Fcomments&post=13"}],"version-history":[{"count":4,"href":"https:\/\/covid19.mdn.unp.edu.ar\/index.php?rest_route=\/wp\/v2\/pages\/13\/revisions"}],"predecessor-version":[{"id":77,"href":"https:\/\/covid19.mdn.unp.edu.ar\/index.php?rest_route=\/wp\/v2\/pages\/13\/revisions\/77"}],"wp:attachment":[{"href":"https:\/\/covid19.mdn.unp.edu.ar\/index.php?rest_route=%2Fwp%2Fv2%2Fmedia&parent=13"}],"curies":[{"name":"wp","href":"https:\/\/api.w.org\/{rel}","templated":true}]}}