{"id":9,"date":"2020-10-14T08:53:37","date_gmt":"2020-10-14T11:53:37","guid":{"rendered":"http:\/\/covid19.mdn.unp.edu.ar\/wordpress\/?page_id=9"},"modified":"2020-10-16T07:56:39","modified_gmt":"2020-10-16T10:56:39","slug":"novedades","status":"publish","type":"page","link":"https:\/\/covid19.mdn.unp.edu.ar\/","title":{"rendered":"Novedades"},"content":{"rendered":"    <div id=\"post-grid-lazy-67\" class=\"post-grid-lazy\"><img src=\"\"\/><\/div>\r\n    <script>\r\n        jQuery('#post-grid-lazy-67').ready(function($){\r\n            jQuery('#post-grid-lazy-67').fadeOut();\r\n            jQuery('#post-grid-67').fadeIn();\r\n        })\r\n    <\/script>\r\n    <style type=\"text\/css\">\r\n        #post-grid-67{display: none;}\r\n        .post-grid-lazy{\r\n            text-align: center;\r\n        }\r\n    <\/style>\r\n        <div data-options='{\"id\":\"67\",\"lazy_load\":\"yes\",\"masonry_enable\":\"no\",\"view_type\":\"grid\"}' id=\"post-grid-67\" class=\"post-grid grid\">\r\n                <div class=\"grid-items\">\r\n            \r\n    <div class=\"item item-94 skin flat even 0 \">\r\n                <div class=\"layer-wrapper layout-\">\r\n                <div class=\"layer-media\"><a href=\"https:\/\/covid19.mdn.unp.edu.ar\/?p=94\"><img alt=\"\" src=\"https:\/\/covid19.mdn.unp.edu.ar\/wp-content\/uploads\/2020\/12\/Captura-de-pantalla-2020-12-11-072256-1024x539.png\" \/><\/a><\/div>\r\n        <div class=\"layer-content\">\r\n            <div class=\"element element_0  title_link \">\r\n                    <a target=\"\" href=\"https:\/\/covid19.mdn.unp.edu.ar\/?p=94\">\u00abLa pandemia que nos dej\u00f3\u00bb: cambios de h\u00e1bitos y de conducta<\/a>\r\n            <\/div>\r\n        <div class=\"element element_1  excerpt \">\r\n                    <\/div>\r\n                <a class=\"element element_2  read_more \" target=\"\" href=\"https:\/\/covid19.mdn.unp.edu.ar\/?p=94\"><\/a>\r\n    \r\n        <\/div>\r\n            <\/div>\r\n    <\/div>\r\n    \r\n    <div class=\"item item-89 skin flat odd 1 \">\r\n                <div class=\"layer-wrapper layout-\">\r\n                <div class=\"layer-media\"><a href=\"https:\/\/covid19.mdn.unp.edu.ar\/?p=89\"><img alt=\"\" src=\"https:\/\/covid19.mdn.unp.edu.ar\/wp-content\/uploads\/2020\/10\/collage2.png\" \/><\/a><\/div>\r\n        <div class=\"layer-content\">\r\n            <div class=\"element element_0  title_link \">\r\n                    <a target=\"\" href=\"https:\/\/covid19.mdn.unp.edu.ar\/?p=89\">Webinar Min. Salud de Naci\u00f3n<\/a>\r\n            <\/div>\r\n        <div class=\"element element_1  excerpt \">\r\n        El Min. Salud organiz\u00f3 un webinar para compartir la experiencia colaborativa Min. Salud Chubut -- CONICET en el contexto COVID19.            <\/div>\r\n                <a class=\"element element_2  read_more \" target=\"\" href=\"https:\/\/covid19.mdn.unp.edu.ar\/?p=89\"><\/a>\r\n    \r\n        <\/div>\r\n            <\/div>\r\n    <\/div>\r\n    \r\n    <div class=\"item item-86 skin flat even 2 \">\r\n                <div class=\"layer-wrapper layout-\">\r\n                <div class=\"layer-media\"><a href=\"https:\/\/covid19.mdn.unp.edu.ar\/?p=86\"><img alt=\"\" src=\"https:\/\/covid19.mdn.unp.edu.ar\/wp-content\/uploads\/2020\/11\/1604880788689-1024x624.jpg\" \/><\/a><\/div>\r\n        <div class=\"layer-content\">\r\n            <div class=\"element element_0  title_link \">\r\n                    <a target=\"\" href=\"https:\/\/covid19.mdn.unp.edu.ar\/?p=86\">Investigadores del Cenpat trabajan codo a codo con Salud en la lucha contra el Covid<\/a>\r\n            <\/div>\r\n        <div class=\"element element_1  excerpt \">\r\n        Nota period\u00edstica a Gabriela Blanco del GAER sobre las actividades que se desarrollaron en colaboraci\u00f3n con el hospital Isola. https:\/\/www.elchubut.com.ar\/nota\/2020-11-8-21-12-0-investigadores-del-cenpat-trabajan-codo-a-codo-con-salud-en-la-lucha-contra-el-covid            <\/div>\r\n                <a class=\"element element_2  read_more \" target=\"\" href=\"https:\/\/covid19.mdn.unp.edu.ar\/?p=86\"><\/a>\r\n    \r\n        <\/div>\r\n            <\/div>\r\n    <\/div>\r\n    \r\n    <div class=\"item item-79 skin flat odd 3 \">\r\n                <div class=\"layer-wrapper layout-\">\r\n                <div class=\"layer-media\"><a href=\"https:\/\/covid19.mdn.unp.edu.ar\/?p=79\"><img alt=\"\" src=\"https:\/\/covid19.mdn.unp.edu.ar\/wp-content\/uploads\/2020\/10\/collage2.png\" \/><\/a><\/div>\r\n        <div class=\"layer-content\">\r\n            <div class=\"element element_0  title_link \">\r\n                    <a target=\"\" href=\"https:\/\/covid19.mdn.unp.edu.ar\/?p=79\">Situaci\u00f3n y Evoluci\u00f3n del Trabajo Registrado (SIPA) &#8211; Agosto\/2020<\/a>\r\n            <\/div>\r\n        <div class=\"element element_1  excerpt \">\r\n        A continuaci\u00f3n datos de situaci\u00f3n publicados por la Subsecretar\u00eda de Planificaci\u00f3n, Estudios y Estad\u00edsticas. Este informe presenta un diagn\u00f3stico de            <\/div>\r\n                <a class=\"element element_2  read_more \" target=\"\" href=\"https:\/\/covid19.mdn.unp.edu.ar\/?p=79\"><\/a>\r\n    \r\n        <\/div>\r\n            <\/div>\r\n    <\/div>\r\n    \r\n    <div class=\"item item-64 skin flat even 4 \">\r\n                <div class=\"layer-wrapper layout-\">\r\n                <div class=\"layer-media\"><a href=\"https:\/\/covid19.mdn.unp.edu.ar\/?p=64\"><img alt=\"\" src=\"https:\/\/covid19.mdn.unp.edu.ar\/wp-content\/uploads\/2020\/10\/Conversatorio-flyer-2o-relevamiento-Chubut.jpg\" \/><\/a><\/div>\r\n        <div class=\"layer-content\">\r\n            <div class=\"element element_0  title_link \">\r\n                    <a target=\"\" href=\"https:\/\/covid19.mdn.unp.edu.ar\/?p=64\">Presentaci\u00f3n de informe<\/a>\r\n            <\/div>\r\n        <div class=\"element element_1  excerpt \">\r\n        Este viernes 16 de octubre a las 16 horas. Transmisi\u00f3n en vivo desde el canal de youtube de \"Sede Puerto            <\/div>\r\n                <a class=\"element element_2  read_more \" target=\"\" href=\"https:\/\/covid19.mdn.unp.edu.ar\/?p=64\"><\/a>\r\n    \r\n        <\/div>\r\n            <\/div>\r\n    <\/div>\r\n            <\/div>\r\n            <div class=\"pagination\">\r\n            <div class=\"paginate\">\r\n            <\/div>\r\n    <style type=\"text\/css\">\r\n        #post-grid-67 .pagination .page-numbers{\r\n            font-size:16px;\r\n            color:#fff;\r\n            background:#646464;\r\n        }\r\n        #post-grid-67 .pagination .page-numbers:hover,\r\n        #post-grid-67 .pagination .page-numbers.current{\r\n            background:#4b4b4b;\r\n        }\r\n    <\/style>\r\n        <\/div>\r\n        <style type=\"text\/css\">\r\n                        #post-grid-67 .element_0{display: block;font-size: 21px;line-height: normal;padding: 5px 10px;text-align: left; text-decoration: none;}\r\n                                #post-grid-67 .element_1{display: block;font-size: 14px;padding: 5px 10px;text-align: left;}\r\n                                #post-grid-67 .element_2{display: block;font-size: 12px;font-weight: bold;padding: 0 10px;text-align: left;text-decoration: none;}\r\n                #post-grid-67 .element_0:hover{}#post-grid-67 .element_1:hover{}#post-grid-67 .element_2:hover{}    <\/style>\r\n    \r\n            \r\n        <script>\r\n            <\/script>\r\n        <style type=\"text\/css\">\r\n        #post-grid-67 {\r\n                    padding:10px;\r\n                                        }\r\n        #post-grid-67 .grid-items{\r\n                    text-align: center;\r\n                }\r\n        #post-grid-67 .item{\r\n                    margin:10px;\r\n                            padding:0px;\r\n                            background:#fff;\r\n                }\r\n        #post-grid-67  .item .layer-media{\r\n            height:auto;        }\r\n        @media only screen and ( min-width: 0px ) and ( max-width: 767px ) {\r\n            #post-grid-67 .item{\r\n                            width:90%;\r\n                        height:auto;            }\r\n        }\r\n        @media only screen and ( min-width: 768px ) and ( max-width: 1023px ) {\r\n            #post-grid-67 .item{\r\n                            width:280px;\r\n                        max-height:auto;            }\r\n        }\r\n        @media only screen and (min-width: 1024px ){\r\n            #post-grid-67 .item{\r\n                            width:280px;\r\n                        height:auto;            }\r\n        }\r\n\r\n        \r\n\r\n    <\/style>\r\n        <\/div>\r\n    \n\n\n\n<p><\/p>\n","protected":false},"excerpt":{"rendered":"","protected":false},"author":1,"featured_media":0,"parent":0,"menu_order":0,"comment_status":"closed","ping_status":"closed","template":"","meta":[],"_links":{"self":[{"href":"https:\/\/covid19.mdn.unp.edu.ar\/index.php?rest_route=\/wp\/v2\/pages\/9"}],"collection":[{"href":"https:\/\/covid19.mdn.unp.edu.ar\/index.php?rest_route=\/wp\/v2\/pages"}],"about":[{"href":"https:\/\/covid19.mdn.unp.edu.ar\/index.php?rest_route=\/wp\/v2\/types\/page"}],"author":[{"embeddable":true,"href":"https:\/\/covid19.mdn.unp.edu.ar\/index.php?rest_route=\/wp\/v2\/users\/1"}],"replies":[{"embeddable":true,"href":"https:\/\/covid19.mdn.unp.edu.ar\/index.php?rest_route=%2Fwp%2Fv2%2Fcomments&post=9"}],"version-history":[{"count":3,"href":"https:\/\/covid19.mdn.unp.edu.ar\/index.php?rest_route=\/wp\/v2\/pages\/9\/revisions"}],"predecessor-version":[{"id":68,"href":"https:\/\/covid19.mdn.unp.edu.ar\/index.php?rest_route=\/wp\/v2\/pages\/9\/revisions\/68"}],"wp:attachment":[{"href":"https:\/\/covid19.mdn.unp.edu.ar\/index.php?rest_route=%2Fwp%2Fv2%2Fmedia&parent=9"}],"curies":[{"name":"wp","href":"https:\/\/api.w.org\/{rel}","templated":true}]}}